{"id":101,"date":"2025-04-29T10:03:43","date_gmt":"2025-04-29T10:03:43","guid":{"rendered":"https:\/\/almogiamemoriahistorica.es\/?page_id=101"},"modified":"2026-03-26T21:35:15","modified_gmt":"2026-03-26T19:35:15","slug":"participa","status":"publish","type":"page","link":"https:\/\/almogiamemoriahistorica.es\/index.php\/participa\/","title":{"rendered":"PARTICIPA"},"content":{"rendered":"<form action=\"https:\/\/www.paypal.com\/donate\" method=\"post\" target=\"_top\">\n<p class=\"cvGsUA direction-ltr align-justify para-style-body\"><strong><span class=\"a_GcMg font-feature-liga-off font-feature-clig-off font-feature-calt-off text-decoration-none text-strikethrough-none\">\u00a1COLABORA CON LA ASOCIACI\u00d3N!<\/span><\/strong><\/p>\n<p class=\"cvGsUA direction-ltr align-justify para-style-body\"><span class=\"a_GcMg font-feature-liga-off font-feature-clig-off font-feature-calt-off text-decoration-none text-strikethrough-none\">La Asociaci\u00f3n por la Recuperaci\u00f3n de la Memoria Hist\u00f3rica de Almog\u00eda trabaja para rescatar del olvido las historias de quienes sufrieron la represi\u00f3n franquista, investigar los hechos silenciados, rendir homenaje a las v\u00edctimas y promover la verdad, la justicia y la reparaci\u00f3n. A trav\u00e9s de proyectos de investigaci\u00f3n, exposiciones, actividades educativas y acciones de divulgaci\u00f3n, contribuimos a preservar la memoria democr\u00e1tica y a transmitirla a las nuevas generaciones.<\/span><\/p>\n<p class=\"cvGsUA direction-ltr align-justify para-style-body\">\u00a0<\/p>\n<p class=\"cvGsUA direction-ltr align-justify para-style-body\"><span class=\"a_GcMg font-feature-liga-off font-feature-clig-off font-feature-calt-off text-decoration-none text-strikethrough-none\">Puedes colaborar con nuestra labor de dos formas:<\/span><\/p>\n<p class=\"cvGsUA direction-ltr align-justify para-style-body\">\u00a0<\/p>\n<p class=\"cvGsUA direction-ltr align-justify para-style-body\"><strong><span class=\"a_GcMg font-feature-liga-off font-feature-clig-off font-feature-calt-off text-decoration-none text-strikethrough-none\">\u2022 Haci\u00e9ndote socio\/a<\/span><\/strong><\/p>\n<p class=\"cvGsUA direction-ltr align-justify para-style-body\"><span class=\"a_GcMg font-feature-liga-off font-feature-clig-off font-feature-calt-off text-decoration-none text-strikethrough-none\">Con una cuota anual de importe voluntario, que permitir\u00e1 sostener nuestras actividades de investigaci\u00f3n, divulgaci\u00f3n y educaci\u00f3n en memoria hist\u00f3rica.<\/span><\/p>\n<p class=\"cvGsUA direction-ltr align-justify para-style-body\">\u00a0<\/p>\n<p class=\"cvGsUA direction-ltr align-justify para-style-body\"><strong><span class=\"a_GcMg font-feature-liga-off font-feature-clig-off font-feature-calt-off text-decoration-none text-strikethrough-none\">\u2022 Realizando una donaci\u00f3n puntual<\/span><\/strong><\/p>\n<p class=\"cvGsUA direction-ltr align-justify para-style-body\"><span class=\"a_GcMg font-feature-liga-off font-feature-clig-off font-feature-calt-off text-decoration-none text-strikethrough-none\">Cualquier aportaci\u00f3n ayuda a impulsar proyectos como exposiciones, publicaciones, documentales, actividades educativas o iniciativas para la recuperaci\u00f3n de la memoria de las v\u00edctimas.<\/span><\/p>\n<p class=\"cvGsUA direction-ltr align-justify para-style-body\"><span class=\"a_GcMg font-feature-liga-off font-feature-clig-off font-feature-calt-off text-decoration-none text-strikethrough-none\">Con tu apoyo contribuir\u00e1s a mantener viva la memoria, impulsar la investigaci\u00f3n hist\u00f3rica, difundir estos hechos entre la sociedad y seguir trabajando por la verdad, la justicia y la reparaci\u00f3n de las v\u00edctimas del franquismo.<\/span><\/p>\n<p class=\"cvGsUA direction-ltr align-justify para-style-body\">\u00a0<\/p>\n<p class=\"cvGsUA direction-ltr align-justify para-style-body\"><span class=\"a_GcMg font-feature-liga-off font-feature-clig-off font-feature-calt-off text-decoration-none text-strikethrough-none\">N\u00ba DE CUENTA:<\/span><\/p>\n<p class=\"cvGsUA direction-ltr align-justify para-style-body\"><span class=\"a_GcMg font-feature-liga-off font-feature-clig-off font-feature-calt-off text-decoration-none text-strikethrough-none\">ES58 1491 0001 2430 0017 9135<\/span><\/p>\n<p class=\"cvGsUA direction-ltr align-justify para-style-body\"><span class=\"a_GcMg font-feature-liga-off font-feature-clig-off font-feature-calt-off text-decoration-none text-strikethrough-none\">Donaci\u00f3n por paypal\/tarjeta cr\u00e9dito<\/span><\/p>\n<input title=\"PayPal - The safer, easier way to pay online!\" alt=\"Bot\u00f3n\u00a0Donar con PayPal\" name=\"submit\" src=\"https:\/\/www.paypalobjects.com\/es_ES\/ES\/i\/btn\/btn_donateCC_LG.gif\" type=\"image\" \/><br \/><img decoding=\"async\" src=\"https:\/\/www.paypal.com\/es_ES\/i\/scr\/pixel.gif\" alt=\"\" width=\"1\" height=\"1\" border=\"0\" \/><\/form>\n\n\n<div class=\"wp-block-group is-nowrap is-layout-flex wp-container-core-group-is-layout-6c531013 wp-block-group-is-layout-flex\">\n<iframe src=\"https:\/\/docs.google.com\/forms\/d\/e\/1FAIpQLSeBcWTisxsTFR0Sp31InuXBGt-6nYaKYeI6aofHExp77r62gA\/viewform?embedded=true\" width=\"1000\" height=\"1941\" frameborder=\"0\" marginheight=\"0\" marginwidth=\"0\">Cargando\u2026<\/iframe>\n<\/div>\n","protected":false},"excerpt":{"rendered":"<p>\u00a1COLABORA CON LA ASOCIACI\u00d3N! La Asociaci\u00f3n por la Recuperaci\u00f3n de la Memoria Hist\u00f3rica de Almog\u00eda trabaja para rescatar del olvido las historias de quienes sufrieron la represi\u00f3n franquista, investigar los hechos silenciados, rendir homenaje a las v\u00edctimas y promover la verdad, la justicia y la reparaci\u00f3n. A trav\u00e9s de proyectos de investigaci\u00f3n, exposiciones, actividades educativas y acciones de divulgaci\u00f3n, contribuimos a preservar la memoria democr\u00e1tica y a transmitirla a las nuevas generaciones. \u00a0 Puedes colaborar con nuestra labor de dos formas: \u00a0 \u2022 Haci\u00e9ndote socio\/a Con una cuota anual de importe voluntario, que permitir\u00e1 sostener nuestras actividades de investigaci\u00f3n, divulgaci\u00f3n y educaci\u00f3n en memoria hist\u00f3rica. \u00a0 \u2022 Realizando una donaci\u00f3n puntual Cualquier aportaci\u00f3n ayuda a impulsar proyectos como exposiciones, publicaciones, documentales, actividades educativas o iniciativas para la recuperaci\u00f3n de la memoria de las v\u00edctimas. Con tu apoyo contribuir\u00e1s a mantener viva la memoria, impulsar la investigaci\u00f3n hist\u00f3rica, difundir estos hechos entre la sociedad y seguir trabajando por la verdad, la justicia y la reparaci\u00f3n de las v\u00edctimas del franquismo. \u00a0 N\u00ba DE CUENTA: ES58 1491 0001 2430 0017 9135 Donaci\u00f3n por paypal\/tarjeta cr\u00e9dito Cargando\u2026<\/p>\n","protected":false},"author":2,"featured_media":0,"parent":0,"menu_order":0,"comment_status":"closed","ping_status":"closed","template":"","meta":{"om_disable_all_campaigns":false,"_monsterinsights_skip_tracking":false,"_monsterinsights_sitenote_active":false,"_monsterinsights_sitenote_note":"","_monsterinsights_sitenote_category":0,"_uf_show_specific_survey":0,"_uf_disable_surveys":false,"footnotes":""},"class_list":["post-101","page","type-page","status-publish","hentry"],"aioseo_notices":[],"_links":{"self":[{"href":"https:\/\/almogiamemoriahistorica.es\/index.php\/wp-json\/wp\/v2\/pages\/101","targetHints":{"allow":["GET"]}}],"collection":[{"href":"https:\/\/almogiamemoriahistorica.es\/index.php\/wp-json\/wp\/v2\/pages"}],"about":[{"href":"https:\/\/almogiamemoriahistorica.es\/index.php\/wp-json\/wp\/v2\/types\/page"}],"author":[{"embeddable":true,"href":"https:\/\/almogiamemoriahistorica.es\/index.php\/wp-json\/wp\/v2\/users\/2"}],"replies":[{"embeddable":true,"href":"https:\/\/almogiamemoriahistorica.es\/index.php\/wp-json\/wp\/v2\/comments?post=101"}],"version-history":[{"count":5,"href":"https:\/\/almogiamemoriahistorica.es\/index.php\/wp-json\/wp\/v2\/pages\/101\/revisions"}],"predecessor-version":[{"id":330,"href":"https:\/\/almogiamemoriahistorica.es\/index.php\/wp-json\/wp\/v2\/pages\/101\/revisions\/330"}],"wp:attachment":[{"href":"https:\/\/almogiamemoriahistorica.es\/index.php\/wp-json\/wp\/v2\/media?parent=101"}],"curies":[{"name":"wp","href":"https:\/\/api.w.org\/{rel}","templated":true}]}}