{"id":119,"date":"2025-05-11T14:45:26","date_gmt":"2025-05-11T12:45:26","guid":{"rendered":"https:\/\/almogiamemoriahistorica.es\/?page_id=119"},"modified":"2025-05-13T21:23:54","modified_gmt":"2025-05-13T19:23:54","slug":"119-2","status":"publish","type":"page","link":"https:\/\/almogiamemoriahistorica.es\/","title":{"rendered":""},"content":{"rendered":"\n<div class=\"wp-block-columns alignwide is-layout-flex wp-container-core-columns-is-layout-28f84493 wp-block-columns-is-layout-flex\">\n<div class=\"wp-block-column is-layout-flow wp-block-column-is-layout-flow\"><\/div>\n<\/div>\n\n\n\n<div class=\"wp-block-query alignwide is-layout-flow wp-block-query-is-layout-flow\"><ul class=\"wp-block-post-template is-layout-flow wp-block-post-template-is-layout-flow\"><li class=\"wp-block-post post-332 post type-post status-publish format-standard has-post-thumbnail hentry category-blog\">\n<div class=\"wp-block-post-date\"><time datetime=\"2026-03-29T20:18:26+02:00\">marzo 29, 2026<\/time><\/div>\n\n<h2 class=\"wp-block-post-title\"><a href=\"https:\/\/almogiamemoriahistorica.es\/index.php\/2026\/03\/29\/proyeccion-documental-deportados-festival-de-cine-de-malaga\/\" target=\"_self\" >PROYECCI\u00d3N DOCUMENTAL DEPORTADOS FESTIVAL DE CINE DE M\u00c1LAGA<\/a><\/h2>\n\n<figure class=\"alignwide wp-block-post-featured-image\"><a href=\"https:\/\/almogiamemoriahistorica.es\/index.php\/2026\/03\/29\/proyeccion-documental-deportados-festival-de-cine-de-malaga\/\" target=\"_self\"  ><img fetchpriority=\"high\" decoding=\"async\" width=\"1440\" height=\"1440\" src=\"https:\/\/almogiamemoriahistorica.es\/wp-content\/uploads\/2026\/03\/652615621_17968992696012783_4210078186066699897_n.png\" class=\"attachment-post-thumbnail size-post-thumbnail wp-post-image\" alt=\"PROYECCI\u00d3N DOCUMENTAL DEPORTADOS FESTIVAL DE CINE DE M\u00c1LAGA\" style=\"object-fit:cover;\" srcset=\"https:\/\/almogiamemoriahistorica.es\/wp-content\/uploads\/2026\/03\/652615621_17968992696012783_4210078186066699897_n.png 1440w, https:\/\/almogiamemoriahistorica.es\/wp-content\/uploads\/2026\/03\/652615621_17968992696012783_4210078186066699897_n-300x300.png 300w, https:\/\/almogiamemoriahistorica.es\/wp-content\/uploads\/2026\/03\/652615621_17968992696012783_4210078186066699897_n-1024x1024.png 1024w, https:\/\/almogiamemoriahistorica.es\/wp-content\/uploads\/2026\/03\/652615621_17968992696012783_4210078186066699897_n-150x150.png 150w, https:\/\/almogiamemoriahistorica.es\/wp-content\/uploads\/2026\/03\/652615621_17968992696012783_4210078186066699897_n-768x768.png 768w\" sizes=\"(max-width: 1440px) 100vw, 1440px\" \/><\/a><\/figure>\n\n<div class=\"wp-block-post-excerpt\"><p class=\"wp-block-post-excerpt__excerpt\">La Plaza de la Merced acogi\u00f3 el pasado 14 de marzo una emotiva actividad dentro del programa del Festival de M\u00e1laga, en el marco del Espacio Solidario, dedicada a la memoria hist\u00f3rica. Se proyect\u00f3 el documental \u201cDEPORTADOS. De Almog\u00eda a los campos de concentraci\u00f3n nazis\u201d, una obra producida por @almogiamemoriahistorica y dirigida y realizada por&hellip;<\/p><p class=\"wp-block-post-excerpt__more-text\"><a class=\"wp-block-post-excerpt__more-link\" href=\"https:\/\/almogiamemoriahistorica.es\/index.php\/2026\/03\/29\/proyeccion-documental-deportados-festival-de-cine-de-malaga\/\">Leer m\u00e1s<\/a><\/p><\/div>\n\n\n<hr class=\"wp-block-separator has-css-opacity\"\/>\n\n<\/li><\/ul><\/div>\n\n\n\n<div class=\"wp-block-query alignwide is-layout-flow wp-block-query-is-layout-flow\"><ul class=\"columns-3 wp-block-post-template is-layout-grid wp-container-core-post-template-is-layout-6d3fbd8f wp-block-post-template-is-layout-grid\"><li class=\"wp-block-post post-260 post type-post status-publish format-standard has-post-thumbnail hentry category-blog tag-deportados tag-homenaje tag-stolpersteine\">\n<div class=\"wp-block-post-date\"><time datetime=\"2025-08-11T18:50:58+02:00\">agosto 11, 2025<\/time><\/div>\n\n<figure class=\"wp-block-post-featured-image\"><a href=\"https:\/\/almogiamemoriahistorica.es\/index.php\/2025\/08\/11\/homenaje-a-los-deportados-de-almogia\/\" target=\"_self\"  ><img decoding=\"async\" width=\"1024\" height=\"1024\" src=\"https:\/\/almogiamemoriahistorica.es\/wp-content\/uploads\/2025\/08\/902e8a6e-46fb-4e79-9ae6-0ccc8d55bb4c.png\" class=\"attachment-post-thumbnail size-post-thumbnail wp-post-image\" alt=\"Homenaje a los deportados de Almog\u00eda\" style=\"object-fit:cover;\" srcset=\"https:\/\/almogiamemoriahistorica.es\/wp-content\/uploads\/2025\/08\/902e8a6e-46fb-4e79-9ae6-0ccc8d55bb4c.png 1024w, https:\/\/almogiamemoriahistorica.es\/wp-content\/uploads\/2025\/08\/902e8a6e-46fb-4e79-9ae6-0ccc8d55bb4c-300x300.png 300w, https:\/\/almogiamemoriahistorica.es\/wp-content\/uploads\/2025\/08\/902e8a6e-46fb-4e79-9ae6-0ccc8d55bb4c-150x150.png 150w, https:\/\/almogiamemoriahistorica.es\/wp-content\/uploads\/2025\/08\/902e8a6e-46fb-4e79-9ae6-0ccc8d55bb4c-768x768.png 768w\" sizes=\"(max-width: 1024px) 100vw, 1024px\" \/><\/a><\/figure>\n\n<h2 class=\"wp-block-post-title\"><a href=\"https:\/\/almogiamemoriahistorica.es\/index.php\/2025\/08\/11\/homenaje-a-los-deportados-de-almogia\/\" target=\"_self\" >Homenaje a los deportados de Almog\u00eda<\/a><\/h2>\n\n<a class=\"wp-block-read-more\" href=\"https:\/\/almogiamemoriahistorica.es\/index.php\/2025\/08\/11\/homenaje-a-los-deportados-de-almogia\/\" target=\"_self\">Leer m\u00e1s<span class=\"screen-reader-text\">: Homenaje a los deportados de Almog\u00eda<\/span><\/a>\n<\/li><li class=\"wp-block-post post-182 post type-post status-publish format-standard has-post-thumbnail hentry category-blog\">\n<div class=\"wp-block-post-date\"><time datetime=\"2025-05-13T20:56:37+02:00\">mayo 13, 2025<\/time><\/div>\n\n<figure class=\"wp-block-post-featured-image\"><a href=\"https:\/\/almogiamemoriahistorica.es\/index.php\/2025\/05\/13\/entrada-5\/\" target=\"_self\"  ><img decoding=\"async\" width=\"2560\" height=\"1707\" src=\"https:\/\/almogiamemoriahistorica.es\/wp-content\/uploads\/2025\/05\/IMG_8884-scaled.jpg\" class=\"attachment-post-thumbnail size-post-thumbnail wp-post-image\" alt=\"VISITA A LA CASA DE LA MEMORIA JIMENA DE LA FRONTERA\" style=\"object-fit:cover;\" srcset=\"https:\/\/almogiamemoriahistorica.es\/wp-content\/uploads\/2025\/05\/IMG_8884-scaled.jpg 2560w, https:\/\/almogiamemoriahistorica.es\/wp-content\/uploads\/2025\/05\/IMG_8884-300x200.jpg 300w, https:\/\/almogiamemoriahistorica.es\/wp-content\/uploads\/2025\/05\/IMG_8884-1024x683.jpg 1024w, https:\/\/almogiamemoriahistorica.es\/wp-content\/uploads\/2025\/05\/IMG_8884-768x512.jpg 768w, https:\/\/almogiamemoriahistorica.es\/wp-content\/uploads\/2025\/05\/IMG_8884-1536x1024.jpg 1536w, https:\/\/almogiamemoriahistorica.es\/wp-content\/uploads\/2025\/05\/IMG_8884-2048x1365.jpg 2048w\" sizes=\"(max-width: 2560px) 100vw, 2560px\" \/><\/a><\/figure>\n\n<h2 class=\"wp-block-post-title\"><a href=\"https:\/\/almogiamemoriahistorica.es\/index.php\/2025\/05\/13\/entrada-5\/\" target=\"_self\" >VISITA A LA CASA DE LA MEMORIA JIMENA DE LA FRONTERA<\/a><\/h2>\n\n<a class=\"wp-block-read-more\" href=\"https:\/\/almogiamemoriahistorica.es\/index.php\/2025\/05\/13\/entrada-5\/\" target=\"_self\">Leer m\u00e1s<span class=\"screen-reader-text\">: VISITA A LA CASA DE LA MEMORIA JIMENA DE LA FRONTERA<\/span><\/a>\n<\/li><li class=\"wp-block-post post-180 post type-post status-publish format-standard has-post-thumbnail hentry category-blog\">\n<div class=\"wp-block-post-date\"><time datetime=\"2025-05-13T20:55:43+02:00\">mayo 13, 2025<\/time><\/div>\n\n<figure class=\"wp-block-post-featured-image\"><a href=\"https:\/\/almogiamemoriahistorica.es\/index.php\/2025\/05\/13\/entrada-4-2\/\" target=\"_self\"  ><img loading=\"lazy\" decoding=\"async\" width=\"1600\" height=\"1200\" src=\"https:\/\/almogiamemoriahistorica.es\/wp-content\/uploads\/2025\/05\/WhatsApp-Image-2025-04-12-at-12.42.44-4.jpeg\" class=\"attachment-post-thumbnail size-post-thumbnail wp-post-image\" alt=\"Homenaje a las v\u00edctimas del franquismo en M\u00e1laga\" style=\"object-fit:cover;\" srcset=\"https:\/\/almogiamemoriahistorica.es\/wp-content\/uploads\/2025\/05\/WhatsApp-Image-2025-04-12-at-12.42.44-4.jpeg 1600w, https:\/\/almogiamemoriahistorica.es\/wp-content\/uploads\/2025\/05\/WhatsApp-Image-2025-04-12-at-12.42.44-4-300x225.jpeg 300w, https:\/\/almogiamemoriahistorica.es\/wp-content\/uploads\/2025\/05\/WhatsApp-Image-2025-04-12-at-12.42.44-4-1024x768.jpeg 1024w, https:\/\/almogiamemoriahistorica.es\/wp-content\/uploads\/2025\/05\/WhatsApp-Image-2025-04-12-at-12.42.44-4-768x576.jpeg 768w, https:\/\/almogiamemoriahistorica.es\/wp-content\/uploads\/2025\/05\/WhatsApp-Image-2025-04-12-at-12.42.44-4-1536x1152.jpeg 1536w\" sizes=\"(max-width: 1600px) 100vw, 1600px\" \/><\/a><\/figure>\n\n<h2 class=\"wp-block-post-title\"><a href=\"https:\/\/almogiamemoriahistorica.es\/index.php\/2025\/05\/13\/entrada-4-2\/\" target=\"_self\" >Homenaje a las v\u00edctimas del franquismo en M\u00e1laga<\/a><\/h2>\n\n<a class=\"wp-block-read-more\" href=\"https:\/\/almogiamemoriahistorica.es\/index.php\/2025\/05\/13\/entrada-4-2\/\" target=\"_self\">Leer m\u00e1s<span class=\"screen-reader-text\">: Homenaje a las v\u00edctimas del franquismo en M\u00e1laga<\/span><\/a>\n<\/li><\/ul><\/div>\n\n\n\n<div class=\"wp-block-query alignwide is-layout-flow wp-block-query-is-layout-flow\"><ul class=\"columns-3 wp-block-post-template is-layout-grid wp-container-core-post-template-is-layout-6d3fbd8f wp-block-post-template-is-layout-grid\"><li class=\"wp-block-post post-41 post type-post status-publish format-standard has-post-thumbnail hentry category-blog tag-almogia tag-almogia-memoria-historica tag-guerra-civil tag-ii-republica tag-mauthausen tag-memoria-historica tag-republica tag-stolpersteins\">\n<div class=\"wp-block-post-date\"><time datetime=\"2024-03-30T15:51:23+02:00\">marzo 30, 2024<\/time><\/div>\n\n<figure class=\"wp-block-post-featured-image\"><a href=\"https:\/\/almogiamemoriahistorica.es\/index.php\/2024\/03\/30\/acto-presentacion-asociacion\/\" target=\"_self\"  ><img loading=\"lazy\" decoding=\"async\" width=\"768\" height=\"432\" src=\"https:\/\/almogiamemoriahistorica.es\/wp-content\/uploads\/2024\/03\/432453921_263611116800956_5322290770111564447_n-768x432-1.jpg\" class=\"attachment-post-thumbnail size-post-thumbnail wp-post-image\" alt=\"ACTO PRESENTACI\u00d3N ASOCIACI\u00d3N\" style=\"object-fit:cover;\" srcset=\"https:\/\/almogiamemoriahistorica.es\/wp-content\/uploads\/2024\/03\/432453921_263611116800956_5322290770111564447_n-768x432-1.jpg 768w, https:\/\/almogiamemoriahistorica.es\/wp-content\/uploads\/2024\/03\/432453921_263611116800956_5322290770111564447_n-768x432-1-300x169.jpg 300w\" sizes=\"(max-width: 768px) 100vw, 768px\" \/><\/a><\/figure>\n\n<h2 class=\"wp-block-post-title\"><a href=\"https:\/\/almogiamemoriahistorica.es\/index.php\/2024\/03\/30\/acto-presentacion-asociacion\/\" target=\"_self\" >ACTO PRESENTACI\u00d3N ASOCIACI\u00d3N<\/a><\/h2>\n\n<a class=\"wp-block-read-more\" href=\"https:\/\/almogiamemoriahistorica.es\/index.php\/2024\/03\/30\/acto-presentacion-asociacion\/\" target=\"_self\">Leer m\u00e1s<span class=\"screen-reader-text\">: ACTO PRESENTACI\u00d3N ASOCIACI\u00d3N<\/span><\/a>\n<\/li><\/ul>\n\n\n<div class=\"wp-block-group is-content-justification-center is-nowrap is-layout-flex wp-container-core-group-is-layout-23441af8 wp-block-group-is-layout-flex\"><\/div>\n<\/div>\n","protected":false},"excerpt":{"rendered":"","protected":false},"author":2,"featured_media":0,"parent":0,"menu_order":0,"comment_status":"closed","ping_status":"closed","template":"listado-entradas","meta":{"om_disable_all_campaigns":false,"_monsterinsights_skip_tracking":false,"_monsterinsights_sitenote_active":false,"_monsterinsights_sitenote_note":"","_monsterinsights_sitenote_category":0,"_uf_show_specific_survey":0,"_uf_disable_surveys":false,"footnotes":""},"class_list":["post-119","page","type-page","status-publish","hentry"],"aioseo_notices":[],"_links":{"self":[{"href":"https:\/\/almogiamemoriahistorica.es\/index.php\/wp-json\/wp\/v2\/pages\/119","targetHints":{"allow":["GET"]}}],"collection":[{"href":"https:\/\/almogiamemoriahistorica.es\/index.php\/wp-json\/wp\/v2\/pages"}],"about":[{"href":"https:\/\/almogiamemoriahistorica.es\/index.php\/wp-json\/wp\/v2\/types\/page"}],"author":[{"embeddable":true,"href":"https:\/\/almogiamemoriahistorica.es\/index.php\/wp-json\/wp\/v2\/users\/2"}],"replies":[{"embeddable":true,"href":"https:\/\/almogiamemoriahistorica.es\/index.php\/wp-json\/wp\/v2\/comments?post=119"}],"version-history":[{"count":32,"href":"https:\/\/almogiamemoriahistorica.es\/index.php\/wp-json\/wp\/v2\/pages\/119\/revisions"}],"predecessor-version":[{"id":186,"href":"https:\/\/almogiamemoriahistorica.es\/index.php\/wp-json\/wp\/v2\/pages\/119\/revisions\/186"}],"wp:attachment":[{"href":"https:\/\/almogiamemoriahistorica.es\/index.php\/wp-json\/wp\/v2\/media?parent=119"}],"curies":[{"name":"wp","href":"https:\/\/api.w.org\/{rel}","templated":true}]}}