{"id":195,"date":"2025-05-13T22:32:11","date_gmt":"2025-05-13T20:32:11","guid":{"rendered":"https:\/\/almogiamemoriahistorica.es\/?page_id=195"},"modified":"2025-08-11T19:07:21","modified_gmt":"2025-08-11T17:07:21","slug":"todas-las-entradas","status":"publish","type":"page","link":"https:\/\/almogiamemoriahistorica.es\/index.php\/todas-las-entradas\/","title":{"rendered":"Todas las entradas"},"content":{"rendered":"\n<div class=\"wp-block-query alignwide is-layout-flow wp-block-query-is-layout-flow\"><ul class=\"columns-3 wp-block-post-template is-layout-grid wp-container-core-post-template-is-layout-6d3fbd8f wp-block-post-template-is-layout-grid\"><li class=\"wp-block-post post-332 post type-post status-publish format-standard has-post-thumbnail hentry category-blog\">\n\n<div class=\"wp-block-group has-global-padding is-layout-constrained wp-container-core-group-is-layout-1fb516d3 wp-block-group-is-layout-constrained\" style=\"padding-top:29px;padding-right:30px;padding-bottom:29px;padding-left:30px\"><h2 class=\"wp-block-post-title\"><a href=\"https:\/\/almogiamemoriahistorica.es\/index.php\/2026\/03\/29\/proyeccion-documental-deportados-festival-de-cine-de-malaga\/\" target=\"_self\" >PROYECCI\u00d3N DOCUMENTAL DEPORTADOS FESTIVAL DE CINE DE M\u00c1LAGA<\/a><\/h2>\n\n<div class=\"wp-block-post-excerpt\"><p class=\"wp-block-post-excerpt__excerpt\">La Plaza de la Merced acogi\u00f3 el pasado 14 de marzo una emotiva actividad dentro del programa del Festival de M\u00e1laga, en el marco del Espacio Solidario, dedicada a la memoria hist\u00f3rica. Se proyect\u00f3 el documental \u201cDEPORTADOS. De Almog\u00eda a los campos de concentraci\u00f3n nazis\u201d, una obra producida por @almogiamemoriahistorica y dirigida y realizada por&hellip;<\/p><p class=\"wp-block-post-excerpt__more-text\"><a class=\"wp-block-post-excerpt__more-link\" href=\"https:\/\/almogiamemoriahistorica.es\/index.php\/2026\/03\/29\/proyeccion-documental-deportados-festival-de-cine-de-malaga\/\">Leer m\u00e1s<\/a><\/p><\/div>\n\n<div class=\"wp-block-post-date\"><time datetime=\"2026-03-29T20:18:26+02:00\">marzo 29, 2026<\/time><\/div><\/div>\n\n<\/li><li class=\"wp-block-post post-260 post type-post status-publish format-standard has-post-thumbnail hentry category-blog tag-deportados tag-homenaje tag-stolpersteine\">\n\n<div class=\"wp-block-group has-global-padding is-layout-constrained wp-container-core-group-is-layout-1fb516d3 wp-block-group-is-layout-constrained\" style=\"padding-top:29px;padding-right:30px;padding-bottom:29px;padding-left:30px\"><h2 class=\"wp-block-post-title\"><a href=\"https:\/\/almogiamemoriahistorica.es\/index.php\/2025\/08\/11\/homenaje-a-los-deportados-de-almogia\/\" target=\"_self\" >Homenaje a los deportados de Almog\u00eda<\/a><\/h2>\n\n<div class=\"wp-block-post-excerpt\"><p class=\"wp-block-post-excerpt__excerpt\">En septiembre, Almog\u00eda rendir\u00e1 un emotivo homenaje a tres valientes vecinos que sufrieron la represi\u00f3n del fascismo y fueron deportados a campos de concentraci\u00f3n nazi. Este acto, que marca un firme compromiso con la memoria hist\u00f3rica, se enmarca dentro del Proyecto Stolpersteine, una iniciativa internacional para recordar a las v\u00edctimas del nazismo. Acomp\u00e1\u00f1anos en la&hellip;<\/p><p class=\"wp-block-post-excerpt__more-text\"><a class=\"wp-block-post-excerpt__more-link\" href=\"https:\/\/almogiamemoriahistorica.es\/index.php\/2025\/08\/11\/homenaje-a-los-deportados-de-almogia\/\">Leer m\u00e1s<\/a><\/p><\/div>\n\n<div class=\"wp-block-post-date\"><time datetime=\"2025-08-11T18:50:58+02:00\">agosto 11, 2025<\/time><\/div><\/div>\n\n<\/li><li class=\"wp-block-post post-182 post type-post status-publish format-standard has-post-thumbnail hentry category-blog\">\n\n<div class=\"wp-block-group has-global-padding is-layout-constrained wp-container-core-group-is-layout-1fb516d3 wp-block-group-is-layout-constrained\" style=\"padding-top:29px;padding-right:30px;padding-bottom:29px;padding-left:30px\"><h2 class=\"wp-block-post-title\"><a href=\"https:\/\/almogiamemoriahistorica.es\/index.php\/2025\/05\/13\/entrada-5\/\" target=\"_self\" >VISITA A LA CASA DE LA MEMORIA JIMENA DE LA FRONTERA<\/a><\/h2>\n\n<div class=\"wp-block-post-excerpt\"><p class=\"wp-block-post-excerpt__excerpt\">El pasado s\u00e1bado, 3 de mayo, nuestra asociaci\u00f3n organiz\u00f3 una emotiva y enriquecedora visita a la Casa de la Memoria La Sauceda, en Jimena de la Frontera. La actividad se llev\u00f3 a cabo en colaboraci\u00f3n con el equipo de la Casa de la Memoria, en el marco de nuestras acciones por la recuperaci\u00f3n y difusi\u00f3n&hellip;<\/p><p class=\"wp-block-post-excerpt__more-text\"><a class=\"wp-block-post-excerpt__more-link\" href=\"https:\/\/almogiamemoriahistorica.es\/index.php\/2025\/05\/13\/entrada-5\/\">Leer m\u00e1s<\/a><\/p><\/div>\n\n<div class=\"wp-block-post-date\"><time datetime=\"2025-05-13T20:56:37+02:00\">mayo 13, 2025<\/time><\/div><\/div>\n\n<\/li><\/ul>\n\n\n<div class=\"wp-block-group is-content-justification-center is-nowrap is-layout-flex wp-container-core-group-is-layout-23441af8 wp-block-group-is-layout-flex\"><nav class=\"wp-block-query-pagination is-layout-flex wp-block-query-pagination-is-layout-flex\" aria-label=\"Paginaci\u00f3n\">\n\n\n<div class=\"wp-block-query-pagination-numbers\"><span aria-current=\"page\" class=\"page-numbers current\">1<\/span>\n<a class=\"page-numbers\" href=\"?query-192-page=2\">2<\/a><\/div>\n\n<a href=\"\/index.php\/wp-json\/wp\/v2\/pages\/195?query-192-page=2\" class=\"wp-block-query-pagination-next\">P\u00e1gina siguiente<\/a>\n<\/nav><\/div>\n<\/div>\n","protected":false},"excerpt":{"rendered":"","protected":false},"author":2,"featured_media":261,"parent":0,"menu_order":0,"comment_status":"closed","ping_status":"closed","template":"","meta":{"om_disable_all_campaigns":false,"_monsterinsights_skip_tracking":false,"_monsterinsights_sitenote_active":false,"_monsterinsights_sitenote_note":"","_monsterinsights_sitenote_category":0,"_uf_show_specific_survey":0,"_uf_disable_surveys":false,"footnotes":""},"class_list":["post-195","page","type-page","status-publish","has-post-thumbnail","hentry"],"aioseo_notices":[],"_links":{"self":[{"href":"https:\/\/almogiamemoriahistorica.es\/index.php\/wp-json\/wp\/v2\/pages\/195","targetHints":{"allow":["GET"]}}],"collection":[{"href":"https:\/\/almogiamemoriahistorica.es\/index.php\/wp-json\/wp\/v2\/pages"}],"about":[{"href":"https:\/\/almogiamemoriahistorica.es\/index.php\/wp-json\/wp\/v2\/types\/page"}],"author":[{"embeddable":true,"href":"https:\/\/almogiamemoriahistorica.es\/index.php\/wp-json\/wp\/v2\/users\/2"}],"replies":[{"embeddable":true,"href":"https:\/\/almogiamemoriahistorica.es\/index.php\/wp-json\/wp\/v2\/comments?post=195"}],"version-history":[{"count":13,"href":"https:\/\/almogiamemoriahistorica.es\/index.php\/wp-json\/wp\/v2\/pages\/195\/revisions"}],"predecessor-version":[{"id":266,"href":"https:\/\/almogiamemoriahistorica.es\/index.php\/wp-json\/wp\/v2\/pages\/195\/revisions\/266"}],"wp:featuredmedia":[{"embeddable":true,"href":"https:\/\/almogiamemoriahistorica.es\/index.php\/wp-json\/wp\/v2\/media\/261"}],"wp:attachment":[{"href":"https:\/\/almogiamemoriahistorica.es\/index.php\/wp-json\/wp\/v2\/media?parent=195"}],"curies":[{"name":"wp","href":"https:\/\/api.w.org\/{rel}","templated":true}]}}