{"id":242,"date":"2025-08-11T18:14:09","date_gmt":"2025-08-11T16:14:09","guid":{"rendered":"https:\/\/almogiamemoriahistorica.es\/?page_id=242"},"modified":"2025-08-11T23:13:42","modified_gmt":"2025-08-11T21:13:42","slug":"proyecto-stolpersteine","status":"publish","type":"page","link":"https:\/\/almogiamemoriahistorica.es\/index.php\/proyectos-y-actividades\/proyecto-stolpersteine\/","title":{"rendered":"PROYECTO STOLPERSTEINE"},"content":{"rendered":"\n<p><\/p>\n\n\n\n<p>Almog\u00eda, a iniciativa de la Asociaci\u00f3n por la Recuperaci\u00f3n de la Memoria Hist\u00f3rica de Almog\u00eda, se ha sumado al <strong>Proyecto Stolpersteine<\/strong>, una iniciativa internacional del artista alem\u00e1n Gunter Demnig que tiene como objetivo rendir homenaje a las v\u00edctimas del nazismo en toda Europa.<\/p>\n\n\n\n<p class=\"has-x-large-font-size\"><strong>\u00bfQu\u00e9 son las Stolpersteine?<\/strong><\/p>\n\n\n\n<p class=\"has-medium-font-size\"><br>Las <em>Stolpersteine<\/em> (en alem\u00e1n, \u201cpiedras que hacen tropezar\u201d) son peque\u00f1os bloques de cemento de <strong>10 x 10 cent\u00edmetros<\/strong>, coronados por una placa de <strong>lat\u00f3n<\/strong> en la que se graban los datos esenciales de cada v\u00edctima: su nombre, fecha de nacimiento, lugar y fecha de deportaci\u00f3n y, en la mayor\u00eda de los casos, la fecha y lugar de su muerte.<\/p>\n\n\n\n<p>Se colocan en el suelo, habitualmente frente a la \u00faltima residencia libre de la persona, sobresaliendo ligeramente para invitar al viandante a detenerse, inclinarse y leer. Ese gesto f\u00edsico simboliza respeto, recuerdo y reconocimiento.<br>El proyecto, iniciado en 1992, cuenta hoy con m\u00e1s de 90.000 piedras en m\u00e1s de 30 pa\u00edses, convirti\u00e9ndose en el memorial descentralizado m\u00e1s grande del mundo.<\/p>\n\n\n\n<h3 class=\"wp-block-heading\"><strong>Un compromiso con la memoria<\/strong><\/h3>\n\n\n\n<p>El <a href=\"https:\/\/almogiamemoriahistorica.es\/wp-content\/uploads\/2025\/08\/acta-pleno-2024-07-25.pdf\" target=\"_blank\" rel=\"noopener\" title=\"\">Pleno del Ayuntamiento de Almog\u00eda <\/a>aprob\u00f3 por unanimidad, el 25 de junio de 2024, la colocaci\u00f3n de tres <em>Stolpersteine<\/em> en recuerdo de estos vecinos. Con este gesto, Almog\u00eda se convierte en el <strong>segundo municipio de la provincia de M\u00e1laga<\/strong> y el <strong>cuarto en Andaluc\u00eda<\/strong> en sumarse a esta iniciativa.<\/p>\n\n\n\n<p>Las piedras, ya llegadas desde Alemania, se instalar\u00e1n el 13 de septiembre de 2025 en un acto p\u00fablico que reunir\u00e1 a vecinos, familiares y asociaciones memorialistas. Ser\u00e1 una oportunidad para <strong>rendir homenaje y reforzar nuestro compromiso con la memoria, la verdad, la justicia y la reparaci\u00f3n<\/strong>.<\/p>\n\n\n\n<div class=\"wp-block-group is-nowrap is-layout-flex wp-container-core-group-is-layout-6c531013 wp-block-group-is-layout-flex\">\n<h3 class=\"wp-block-heading\"><strong>Los deportados de Almog\u00eda<\/strong><\/h3>\n<\/div>\n\n\n\n<p>En nuestro municipio se han documentado tres casos de vecinos deportados a campos de concentraci\u00f3n nazis durante la Segunda Guerra Mundial:<\/p>\n\n\n\n<ul class=\"wp-block-list\">\n<li><strong>Pedro Leiva Pino<\/strong><\/li>\n\n\n\n<li><strong>Pedro D\u00edaz Gonz\u00e1lez<\/strong><\/li>\n\n\n\n<li><strong>Rafael Mart\u00edn Morales<\/strong><\/li>\n<\/ul>\n\n\n\n<p><\/p>\n\n\n\n<p>Todos ellos fueron v\u00edctimas del horror y la represi\u00f3n, y sus nombres quedar\u00e1n grabados en las Stolpersteine para que nunca caigan en el olvido.<\/p>\n\n\n\n<p><br>Pulsa sobre cada uno de ellos y conoce m\u00e1s sobre su historia.<br><br><br><\/p>\n\n\n\n<div class=\"wp-block-query alignfull is-layout-flow wp-block-query-is-layout-flow\">\n<div class=\"wp-block-group alignfull is-layout-flow wp-block-group-is-layout-flow\" style=\"padding-top:0;padding-right:0;padding-bottom:0;padding-left:0\"><\/div>\n<\/div>\n\n\n\n<figure class=\"wp-block-embed aligncenter is-type-wp-embed is-provider-asociaci-n-de-memoria-hist-rica-de-almog-a wp-block-embed-asociaci-n-de-memoria-hist-rica-de-almog-a\"><div class=\"wp-block-embed__wrapper\">\n<blockquote class=\"wp-embedded-content\" data-secret=\"mNNBWKyGr5\"><a href=\"https:\/\/almogiamemoriahistorica.es\/index.php\/2025\/08\/11\/homenaje-a-los-deportados-de-almogia\/\">Homenaje a los deportados de Almog\u00eda<\/a><\/blockquote><iframe class=\"wp-embedded-content\" sandbox=\"allow-scripts\" security=\"restricted\" style=\"position: absolute; visibility: hidden;\" title=\"\u00abHomenaje a los deportados de Almog\u00eda\u00bb \u2014 ASOCIACI\u00d3N DE MEMORIA HIST\u00d3RICA DE ALMOG\u00cdA\" src=\"https:\/\/almogiamemoriahistorica.es\/index.php\/2025\/08\/11\/homenaje-a-los-deportados-de-almogia\/embed\/#?secret=gpD6HaDQFU#?secret=mNNBWKyGr5\" data-secret=\"mNNBWKyGr5\" width=\"500\" height=\"282\" frameborder=\"0\" marginwidth=\"0\" marginheight=\"0\" scrolling=\"no\"><\/iframe>\n<\/div><\/figure>\n","protected":false},"excerpt":{"rendered":"<p>Almog\u00eda, a iniciativa de la Asociaci\u00f3n por la Recuperaci\u00f3n de la Memoria Hist\u00f3rica de Almog\u00eda, se ha sumado al Proyecto Stolpersteine, una iniciativa internacional del artista alem\u00e1n Gunter Demnig que tiene como objetivo rendir homenaje a las v\u00edctimas del nazismo en toda Europa. \u00bfQu\u00e9 son las Stolpersteine? Las Stolpersteine (en alem\u00e1n, \u201cpiedras que hacen tropezar\u201d) son peque\u00f1os bloques de cemento de 10 x 10 cent\u00edmetros, coronados por una placa de lat\u00f3n en la que se graban los datos esenciales de cada v\u00edctima: su nombre, fecha de nacimiento, lugar y fecha de deportaci\u00f3n y, en la mayor\u00eda de los casos, la fecha y lugar de su muerte. Se colocan en el suelo, habitualmente frente a la \u00faltima residencia libre de la persona, sobresaliendo ligeramente para invitar al viandante a detenerse, inclinarse y leer. Ese gesto f\u00edsico simboliza respeto, recuerdo y reconocimiento.El proyecto, iniciado en 1992, cuenta hoy con m\u00e1s de 90.000 piedras en m\u00e1s de 30 pa\u00edses, convirti\u00e9ndose en el memorial descentralizado m\u00e1s grande del mundo. Un compromiso con la memoria El Pleno del Ayuntamiento de Almog\u00eda aprob\u00f3 por unanimidad, el 25 de junio de 2024, la colocaci\u00f3n de tres Stolpersteine en recuerdo de estos vecinos. Con este gesto, Almog\u00eda se convierte en el segundo municipio de la provincia de M\u00e1laga y el cuarto en Andaluc\u00eda en sumarse a esta iniciativa. Las piedras, ya llegadas desde Alemania, se instalar\u00e1n el 13 de septiembre de 2025 en un acto p\u00fablico que reunir\u00e1 a vecinos, familiares y asociaciones memorialistas. Ser\u00e1 una oportunidad para rendir homenaje y reforzar nuestro compromiso con la memoria, la verdad, la justicia y la reparaci\u00f3n. Los deportados de Almog\u00eda En nuestro municipio se han documentado tres casos de vecinos deportados a campos de concentraci\u00f3n nazis durante la Segunda Guerra Mundial: Todos ellos fueron v\u00edctimas del horror y la represi\u00f3n, y sus nombres quedar\u00e1n grabados en las Stolpersteine para que nunca caigan en el olvido. Pulsa sobre cada uno de ellos y conoce m\u00e1s sobre su historia.<\/p>\n","protected":false},"author":2,"featured_media":0,"parent":236,"menu_order":0,"comment_status":"closed","ping_status":"closed","template":"","meta":{"om_disable_all_campaigns":false,"_monsterinsights_skip_tracking":false,"_monsterinsights_sitenote_active":false,"_monsterinsights_sitenote_note":"","_monsterinsights_sitenote_category":0,"_uf_show_specific_survey":0,"_uf_disable_surveys":false,"footnotes":""},"class_list":["post-242","page","type-page","status-publish","hentry"],"aioseo_notices":[],"_links":{"self":[{"href":"https:\/\/almogiamemoriahistorica.es\/index.php\/wp-json\/wp\/v2\/pages\/242","targetHints":{"allow":["GET"]}}],"collection":[{"href":"https:\/\/almogiamemoriahistorica.es\/index.php\/wp-json\/wp\/v2\/pages"}],"about":[{"href":"https:\/\/almogiamemoriahistorica.es\/index.php\/wp-json\/wp\/v2\/types\/page"}],"author":[{"embeddable":true,"href":"https:\/\/almogiamemoriahistorica.es\/index.php\/wp-json\/wp\/v2\/users\/2"}],"replies":[{"embeddable":true,"href":"https:\/\/almogiamemoriahistorica.es\/index.php\/wp-json\/wp\/v2\/comments?post=242"}],"version-history":[{"count":22,"href":"https:\/\/almogiamemoriahistorica.es\/index.php\/wp-json\/wp\/v2\/pages\/242\/revisions"}],"predecessor-version":[{"id":310,"href":"https:\/\/almogiamemoriahistorica.es\/index.php\/wp-json\/wp\/v2\/pages\/242\/revisions\/310"}],"up":[{"embeddable":true,"href":"https:\/\/almogiamemoriahistorica.es\/index.php\/wp-json\/wp\/v2\/pages\/236"}],"wp:attachment":[{"href":"https:\/\/almogiamemoriahistorica.es\/index.php\/wp-json\/wp\/v2\/media?parent=242"}],"curies":[{"name":"wp","href":"https:\/\/api.w.org\/{rel}","templated":true}]}}